{"id":62,"date":"2025-04-12T07:25:05","date_gmt":"2025-04-12T07:25:05","guid":{"rendered":"https:\/\/mayosis.themepreview.xyz\/woo\/mayovendor\/?post_type=product&#038;p=62"},"modified":"2025-12-15T11:50:34","modified_gmt":"2025-12-15T11:50:34","slug":"bay-breeze-fortythr33","status":"publish","type":"product","link":"https:\/\/mydevy.com\/index.php\/product\/bay-breeze-fortythr33\/","title":{"rendered":"Beaut\u00e9 Ecommerce Site Web"},"content":{"rendered":"<p data-start=\"221\" data-end=\"519\">Le template <strong data-start=\"233\" data-end=\"254\">Beaut\u00e9 E-commerce<\/strong> est une solution moderne, \u00e9l\u00e9gante et performante, con\u00e7ue sp\u00e9cialement pour les marques de cosm\u00e9tiques, de soins de la peau, de maquillage et de bien-\u00eatre. Son design raffin\u00e9 met en valeur les produits tout en offrant une exp\u00e9rience utilisateur fluide et agr\u00e9able.<\/p>\n<p data-start=\"521\" data-end=\"818\">Gr\u00e2ce \u00e0 une interface \u00e9pur\u00e9e et responsive, le site s\u2019adapte parfaitement \u00e0 tous les \u00e9crans (ordinateur, tablette et mobile). La navigation intuitive permet aux clients de d\u00e9couvrir facilement les collections, consulter les fiches produits d\u00e9taill\u00e9es et finaliser leurs achats en toute simplicit\u00e9.<\/p>\n<p data-start=\"521\" data-end=\"818\"><img fetchpriority=\"high\" decoding=\"async\" class=\"alignnone wp-image-3989\" src=\"http:\/\/mydevy.com\/wp-content\/uploads\/2023\/04\/shot9_1761987609392-300x227.webp\" alt=\"\" width=\"985\" height=\"745\" srcset=\"https:\/\/mydevy.com\/wp-content\/uploads\/2023\/04\/shot9_1761987609392-300x227.webp 300w, https:\/\/mydevy.com\/wp-content\/uploads\/2023\/04\/shot9_1761987609392-600x453.webp 600w, https:\/\/mydevy.com\/wp-content\/uploads\/2023\/04\/shot9_1761987609392-1024x774.webp 1024w, https:\/\/mydevy.com\/wp-content\/uploads\/2023\/04\/shot9_1761987609392-768x580.webp 768w, https:\/\/mydevy.com\/wp-content\/uploads\/2023\/04\/shot9_1761987609392-1536x1161.webp 1536w, https:\/\/mydevy.com\/wp-content\/uploads\/2023\/04\/shot9_1761987609392.webp 1800w\" sizes=\"(max-width: 985px) 100vw, 985px\" \/><\/p>\n<h3 data-start=\"820\" data-end=\"848\">\u2728 Fonctionnalit\u00e9s cl\u00e9s :<\/h3>\n<ul data-start=\"849\" data-end=\"1268\">\n<li data-start=\"849\" data-end=\"910\">\n<p data-start=\"851\" data-end=\"910\">Design moderne et f\u00e9minin, ax\u00e9 sur l\u2019univers de la beaut\u00e9<\/p>\n<\/li>\n<li data-start=\"911\" data-end=\"971\">\n<p data-start=\"913\" data-end=\"971\">Pages produits claires avec images, descriptions et prix<\/p>\n<\/li>\n<li data-start=\"972\" data-end=\"1017\">\n<p data-start=\"974\" data-end=\"1017\">Panier et processus de commande optimis\u00e9s<\/p>\n<\/li>\n<li data-start=\"1018\" data-end=\"1069\">\n<p data-start=\"1020\" data-end=\"1069\">Sections promotions, nouveaut\u00e9s et best-sellers<\/p>\n<\/li>\n<li data-start=\"1070\" data-end=\"1131\">\n<p data-start=\"1072\" data-end=\"1131\">Int\u00e9gration facile des moyens de paiement et de livraison<\/p>\n<\/li>\n<li data-start=\"1132\" data-end=\"1207\">\n<p data-start=\"1134\" data-end=\"1207\">SEO friendly pour une meilleure visibilit\u00e9 sur les moteurs de recherche<\/p>\n<\/li>\n<li data-start=\"1208\" data-end=\"1268\">\n<p data-start=\"1210\" data-end=\"1268\">Personnalisation simple (couleurs, typographies, contenus)<\/p>\n<\/li>\n<\/ul>\n<p data-start=\"1270\" data-end=\"1435\">Ce template est id\u00e9al pour lancer rapidement une boutique en ligne professionnelle, renforcer l\u2019image de marque et augmenter les ventes dans le secteur de la beaut\u00e9.<\/p>\n<p data-start=\"1270\" data-end=\"1435\"><img decoding=\"async\" class=\"alignnone wp-image-3988\" src=\"http:\/\/mydevy.com\/wp-content\/uploads\/2023\/04\/shot6_1761987613478-300x227.webp\" alt=\"\" width=\"985\" height=\"745\" srcset=\"https:\/\/mydevy.com\/wp-content\/uploads\/2023\/04\/shot6_1761987613478-300x227.webp 300w, https:\/\/mydevy.com\/wp-content\/uploads\/2023\/04\/shot6_1761987613478-600x453.webp 600w, https:\/\/mydevy.com\/wp-content\/uploads\/2023\/04\/shot6_1761987613478-1024x774.webp 1024w, https:\/\/mydevy.com\/wp-content\/uploads\/2023\/04\/shot6_1761987613478-768x580.webp 768w, https:\/\/mydevy.com\/wp-content\/uploads\/2023\/04\/shot6_1761987613478-1536x1161.webp 1536w, https:\/\/mydevy.com\/wp-content\/uploads\/2023\/04\/shot6_1761987613478.webp 1800w\" sizes=\"(max-width: 985px) 100vw, 985px\" \/><\/p>\n<p data-start=\"1270\" data-end=\"1435\">\n","protected":false},"excerpt":{"rendered":"<p>Le template Beaut\u00e9 E-commerce est une solution moderne, \u00e9l\u00e9gante et performante, con\u00e7ue sp\u00e9cialement pour les marques de cosm\u00e9tiques, de soins de la peau, de maquillage et de bien-\u00eatre. Son design raffin\u00e9 met en valeur les produits tout en offrant une exp\u00e9rience utilisateur fluide et agr\u00e9able. Gr\u00e2ce \u00e0 une interface \u00e9pur\u00e9e et responsive, le site s\u2019adapte [&hellip;]<\/p>\n","protected":false},"featured_media":3986,"comment_status":"open","ping_status":"closed","template":"","format":"standard","meta":{"_acf_changed":false},"product_brand":[],"product_cat":[54],"product_tag":[],"class_list":{"0":"post-62","1":"product","2":"type-product","3":"status-publish","4":"format-standard","5":"has-post-thumbnail","7":"product_cat-site-web","9":"first","10":"instock","11":"shipping-taxable","12":"purchasable","13":"product-type-simple"},"acf":[],"_links":{"self":[{"href":"https:\/\/mydevy.com\/index.php\/wp-json\/wp\/v2\/product\/62","targetHints":{"allow":["GET"]}}],"collection":[{"href":"https:\/\/mydevy.com\/index.php\/wp-json\/wp\/v2\/product"}],"about":[{"href":"https:\/\/mydevy.com\/index.php\/wp-json\/wp\/v2\/types\/product"}],"replies":[{"embeddable":true,"href":"https:\/\/mydevy.com\/index.php\/wp-json\/wp\/v2\/comments?post=62"}],"wp:featuredmedia":[{"embeddable":true,"href":"https:\/\/mydevy.com\/index.php\/wp-json\/wp\/v2\/media\/3986"}],"wp:attachment":[{"href":"https:\/\/mydevy.com\/index.php\/wp-json\/wp\/v2\/media?parent=62"}],"wp:term":[{"taxonomy":"product_brand","embeddable":true,"href":"https:\/\/mydevy.com\/index.php\/wp-json\/wp\/v2\/product_brand?post=62"},{"taxonomy":"product_cat","embeddable":true,"href":"https:\/\/mydevy.com\/index.php\/wp-json\/wp\/v2\/product_cat?post=62"},{"taxonomy":"product_tag","embeddable":true,"href":"https:\/\/mydevy.com\/index.php\/wp-json\/wp\/v2\/product_tag?post=62"}],"curies":[{"name":"wp","href":"https:\/\/api.w.org\/{rel}","templated":true}]}}