{"id":60,"date":"2025-04-12T07:23:51","date_gmt":"2025-04-12T07:23:51","guid":{"rendered":"https:\/\/mayosis.themepreview.xyz\/woo\/mayovendor\/?post_type=product&#038;p=60"},"modified":"2025-12-15T14:01:35","modified_gmt":"2025-12-15T14:01:35","slug":"1000-infographic-elements","status":"publish","type":"product","link":"https:\/\/mydevy.com\/index.php\/product\/1000-infographic-elements\/","title":{"rendered":"AI Rendez-Vous app"},"content":{"rendered":"<p data-start=\"234\" data-end=\"588\"><strong data-start=\"234\" data-end=\"252\">AI Rendez-Vous<\/strong> est une application intelligente de gestion et de planification de rendez-vous, con\u00e7ue pour automatiser l\u2019organisation du temps gr\u00e2ce \u00e0 l\u2019intelligence artificielle. Elle permet aux professionnels, entreprises et ind\u00e9pendants de g\u00e9rer leurs rendez-vous plus efficacement, tout en offrant une exp\u00e9rience simple et fluide \u00e0 leurs clients.<\/p>\n<p data-start=\"590\" data-end=\"855\">Gr\u00e2ce \u00e0 son assistant IA, l\u2019application analyse les disponibilit\u00e9s, propose automatiquement les meilleurs cr\u00e9neaux et r\u00e9duit les erreurs de planification. Son interface moderne et intuitive facilite la prise de rendez-vous en quelques clics, sur tous les appareils.<\/p>\n<p data-start=\"590\" data-end=\"855\"><img fetchpriority=\"high\" decoding=\"async\" class=\"alignnone  wp-image-3998\" src=\"http:\/\/mydevy.com\/wp-content\/uploads\/2023\/04\/prev-7_1762741475361-300x227.webp\" alt=\"\" width=\"965\" height=\"730\" srcset=\"https:\/\/mydevy.com\/wp-content\/uploads\/2023\/04\/prev-7_1762741475361-300x227.webp 300w, https:\/\/mydevy.com\/wp-content\/uploads\/2023\/04\/prev-7_1762741475361-600x453.webp 600w, https:\/\/mydevy.com\/wp-content\/uploads\/2023\/04\/prev-7_1762741475361-1024x774.webp 1024w, https:\/\/mydevy.com\/wp-content\/uploads\/2023\/04\/prev-7_1762741475361-768x580.webp 768w, https:\/\/mydevy.com\/wp-content\/uploads\/2023\/04\/prev-7_1762741475361-1536x1161.webp 1536w, https:\/\/mydevy.com\/wp-content\/uploads\/2023\/04\/prev-7_1762741475361.webp 1800w\" sizes=\"(max-width: 965px) 100vw, 965px\" \/><\/p>\n<h3 data-start=\"857\" data-end=\"885\">\u2728 Fonctionnalit\u00e9s cl\u00e9s :<\/h3>\n<ul data-start=\"886\" data-end=\"1342\">\n<li data-start=\"886\" data-end=\"952\">\n<p data-start=\"888\" data-end=\"952\">Assistant IA pour la planification automatique des rendez-vous<\/p>\n<\/li>\n<li data-start=\"953\" data-end=\"1018\">\n<p data-start=\"955\" data-end=\"1018\">Synchronisation avec les calendriers (Google, Outlook, Apple)<\/p>\n<\/li>\n<li data-start=\"1019\" data-end=\"1063\">\n<p data-start=\"1021\" data-end=\"1063\">Gestion des disponibilit\u00e9s en temps r\u00e9el<\/p>\n<\/li>\n<li data-start=\"1064\" data-end=\"1125\">\n<p data-start=\"1066\" data-end=\"1125\">Rappels intelligents par email, SMS ou notifications push<\/p>\n<\/li>\n<li data-start=\"1126\" data-end=\"1181\">\n<p data-start=\"1128\" data-end=\"1181\">Prise de rendez-vous en ligne 24\/7 pour les clients<\/p>\n<\/li>\n<li data-start=\"1182\" data-end=\"1228\">\n<p data-start=\"1184\" data-end=\"1228\">Annulation et reprogrammation automatis\u00e9es<\/p>\n<\/li>\n<li data-start=\"1229\" data-end=\"1299\">\n<p data-start=\"1231\" data-end=\"1299\">Dashboard analytique (taux de pr\u00e9sence, statistiques, performance)<\/p>\n<\/li>\n<li data-start=\"1300\" data-end=\"1342\">\n<p data-start=\"1302\" data-end=\"1342\">Interface s\u00e9curis\u00e9e et personnalisable<\/p>\n<\/li>\n<\/ul>\n<p data-start=\"1344\" data-end=\"1615\"><strong data-start=\"1344\" data-end=\"1362\">AI Rendez-Vous<\/strong> est id\u00e9ale pour les cabinets m\u00e9dicaux, coachs, salons de beaut\u00e9, consultants, services clients et toute activit\u00e9 n\u00e9cessitant une gestion efficace des rendez-vous. Elle permet de gagner du temps, r\u00e9duire les absences et am\u00e9liorer la satisfaction client.<\/p>\n","protected":false},"excerpt":{"rendered":"<p>AI Rendez-Vous est une application intelligente de gestion et de planification de rendez-vous, con\u00e7ue pour automatiser l\u2019organisation du temps gr\u00e2ce \u00e0 l\u2019intelligence artificielle. Elle permet aux professionnels, entreprises et ind\u00e9pendants de g\u00e9rer leurs rendez-vous plus efficacement, tout en offrant une exp\u00e9rience simple et fluide \u00e0 leurs clients. Gr\u00e2ce \u00e0 son assistant IA, l\u2019application analyse les [&hellip;]<\/p>\n","protected":false},"featured_media":3997,"comment_status":"open","ping_status":"closed","template":"","format":"standard","meta":{"_acf_changed":false},"product_brand":[],"product_cat":[65],"product_tag":[],"class_list":{"0":"post-60","1":"product","2":"type-product","3":"status-publish","4":"format-standard","5":"has-post-thumbnail","7":"product_cat-apps-templates","9":"first","10":"instock","11":"shipping-taxable","12":"purchasable","13":"product-type-simple"},"acf":[],"_links":{"self":[{"href":"https:\/\/mydevy.com\/index.php\/wp-json\/wp\/v2\/product\/60","targetHints":{"allow":["GET"]}}],"collection":[{"href":"https:\/\/mydevy.com\/index.php\/wp-json\/wp\/v2\/product"}],"about":[{"href":"https:\/\/mydevy.com\/index.php\/wp-json\/wp\/v2\/types\/product"}],"replies":[{"embeddable":true,"href":"https:\/\/mydevy.com\/index.php\/wp-json\/wp\/v2\/comments?post=60"}],"wp:featuredmedia":[{"embeddable":true,"href":"https:\/\/mydevy.com\/index.php\/wp-json\/wp\/v2\/media\/3997"}],"wp:attachment":[{"href":"https:\/\/mydevy.com\/index.php\/wp-json\/wp\/v2\/media?parent=60"}],"wp:term":[{"taxonomy":"product_brand","embeddable":true,"href":"https:\/\/mydevy.com\/index.php\/wp-json\/wp\/v2\/product_brand?post=60"},{"taxonomy":"product_cat","embeddable":true,"href":"https:\/\/mydevy.com\/index.php\/wp-json\/wp\/v2\/product_cat?post=60"},{"taxonomy":"product_tag","embeddable":true,"href":"https:\/\/mydevy.com\/index.php\/wp-json\/wp\/v2\/product_tag?post=60"}],"curies":[{"name":"wp","href":"https:\/\/api.w.org\/{rel}","templated":true}]}}