{"id":58,"date":"2025-04-12T07:20:01","date_gmt":"2025-04-12T07:20:01","guid":{"rendered":"https:\/\/mayosis.themepreview.xyz\/woo\/mayovendor\/?post_type=product&#038;p=58"},"modified":"2025-12-15T14:16:35","modified_gmt":"2025-12-15T14:16:35","slug":"geo-shapes-backgrounds","status":"publish","type":"product","link":"https:\/\/mydevy.com\/index.php\/product\/geo-shapes-backgrounds\/","title":{"rendered":"Ai Planificateur De Voyage"},"content":{"rendered":"<p data-start=\"226\" data-end=\"547\"><strong data-start=\"226\" data-end=\"256\">AI Planificateur de Voyage<\/strong> est une application intelligente con\u00e7ue pour organiser des voyages personnalis\u00e9s en quelques minutes gr\u00e2ce \u00e0 l\u2019intelligence artificielle. Elle analyse vos pr\u00e9f\u00e9rences, votre budget, la dur\u00e9e du s\u00e9jour et vos centres d\u2019int\u00e9r\u00eat afin de cr\u00e9er un itin\u00e9raire sur mesure, optimis\u00e9 et sans stress.<\/p>\n<p data-start=\"549\" data-end=\"891\">Avec une interface moderne et intuitive, l\u2019application accompagne les voyageurs \u00e0 chaque \u00e9tape, de la pr\u00e9paration au s\u00e9jour, en proposant des recommandations pertinentes et actualis\u00e9es. Que ce soit pour un voyage touristique, professionnel ou en famille, l\u2019AI Planificateur de Voyage simplifie l\u2019organisation et am\u00e9liore l\u2019exp\u00e9rience globale.<\/p>\n<p data-start=\"549\" data-end=\"891\"><img fetchpriority=\"high\" decoding=\"async\" class=\"alignnone  wp-image-4003\" src=\"http:\/\/mydevy.com\/wp-content\/uploads\/2023\/04\/detail-images-4_1765270645205-300x227.webp\" alt=\"\" width=\"986\" height=\"746\" srcset=\"https:\/\/mydevy.com\/wp-content\/uploads\/2023\/04\/detail-images-4_1765270645205-300x227.webp 300w, https:\/\/mydevy.com\/wp-content\/uploads\/2023\/04\/detail-images-4_1765270645205-600x453.webp 600w, https:\/\/mydevy.com\/wp-content\/uploads\/2023\/04\/detail-images-4_1765270645205-1024x774.webp 1024w, https:\/\/mydevy.com\/wp-content\/uploads\/2023\/04\/detail-images-4_1765270645205-768x580.webp 768w, https:\/\/mydevy.com\/wp-content\/uploads\/2023\/04\/detail-images-4_1765270645205-1536x1161.webp 1536w, https:\/\/mydevy.com\/wp-content\/uploads\/2023\/04\/detail-images-4_1765270645205.webp 1800w\" sizes=\"(max-width: 986px) 100vw, 986px\" \/><\/p>\n<h3 data-start=\"893\" data-end=\"921\">\u2728 Fonctionnalit\u00e9s cl\u00e9s :<\/h3>\n<ul data-start=\"922\" data-end=\"1299\">\n<li data-start=\"922\" data-end=\"974\">\n<p data-start=\"924\" data-end=\"974\">Cr\u00e9ation automatique d\u2019itin\u00e9raires personnalis\u00e9s<\/p>\n<\/li>\n<li data-start=\"975\" data-end=\"1035\">\n<p data-start=\"977\" data-end=\"1035\">Suggestions de vols, h\u00f4tels et activit\u00e9s selon le budget<\/p>\n<\/li>\n<li data-start=\"1036\" data-end=\"1090\">\n<p data-start=\"1038\" data-end=\"1090\">Planification journali\u00e8re intelligente et flexible<\/p>\n<\/li>\n<li data-start=\"1091\" data-end=\"1157\">\n<p data-start=\"1093\" data-end=\"1157\">Recommandations locales (restaurants, attractions, \u00e9v\u00e9nements)<\/p>\n<\/li>\n<li data-start=\"1158\" data-end=\"1208\">\n<p data-start=\"1160\" data-end=\"1208\">Gestion des r\u00e9servations et rappels importants<\/p>\n<\/li>\n<li data-start=\"1209\" data-end=\"1249\">\n<p data-start=\"1211\" data-end=\"1249\">Support multilingue et multi-devises<\/p>\n<\/li>\n<li data-start=\"1250\" data-end=\"1299\">\n<p data-start=\"1252\" data-end=\"1299\">Acc\u00e8s mobile et synchronisation en temps r\u00e9el<\/p>\n<\/li>\n<\/ul>\n<p data-start=\"1301\" data-end=\"1494\"><strong data-start=\"1301\" data-end=\"1331\">AI Planificateur de Voyage<\/strong> est la solution id\u00e9ale pour gagner du temps, \u00e9viter les impr\u00e9vus et profiter pleinement de chaque voyage, avec un assistant intelligent toujours \u00e0 port\u00e9e de main.<\/p>\n","protected":false},"excerpt":{"rendered":"<p>AI Planificateur de Voyage est une application intelligente con\u00e7ue pour organiser des voyages personnalis\u00e9s en quelques minutes gr\u00e2ce \u00e0 l\u2019intelligence artificielle. Elle analyse vos pr\u00e9f\u00e9rences, votre budget, la dur\u00e9e du s\u00e9jour et vos centres d\u2019int\u00e9r\u00eat afin de cr\u00e9er un itin\u00e9raire sur mesure, optimis\u00e9 et sans stress. Avec une interface moderne et intuitive, l\u2019application accompagne les [&hellip;]<\/p>\n","protected":false},"featured_media":4001,"comment_status":"open","ping_status":"closed","template":"","format":"standard","meta":{"_acf_changed":false},"product_brand":[],"product_cat":[65],"product_tag":[],"class_list":{"0":"post-58","1":"product","2":"type-product","3":"status-publish","4":"format-standard","5":"has-post-thumbnail","7":"product_cat-apps-templates","9":"first","10":"instock","11":"shipping-taxable","12":"purchasable","13":"product-type-simple"},"acf":[],"_links":{"self":[{"href":"https:\/\/mydevy.com\/index.php\/wp-json\/wp\/v2\/product\/58","targetHints":{"allow":["GET"]}}],"collection":[{"href":"https:\/\/mydevy.com\/index.php\/wp-json\/wp\/v2\/product"}],"about":[{"href":"https:\/\/mydevy.com\/index.php\/wp-json\/wp\/v2\/types\/product"}],"replies":[{"embeddable":true,"href":"https:\/\/mydevy.com\/index.php\/wp-json\/wp\/v2\/comments?post=58"}],"wp:featuredmedia":[{"embeddable":true,"href":"https:\/\/mydevy.com\/index.php\/wp-json\/wp\/v2\/media\/4001"}],"wp:attachment":[{"href":"https:\/\/mydevy.com\/index.php\/wp-json\/wp\/v2\/media?parent=58"}],"wp:term":[{"taxonomy":"product_brand","embeddable":true,"href":"https:\/\/mydevy.com\/index.php\/wp-json\/wp\/v2\/product_brand?post=58"},{"taxonomy":"product_cat","embeddable":true,"href":"https:\/\/mydevy.com\/index.php\/wp-json\/wp\/v2\/product_cat?post=58"},{"taxonomy":"product_tag","embeddable":true,"href":"https:\/\/mydevy.com\/index.php\/wp-json\/wp\/v2\/product_tag?post=58"}],"curies":[{"name":"wp","href":"https:\/\/api.w.org\/{rel}","templated":true}]}}