{"id":56,"date":"2025-04-12T07:18:50","date_gmt":"2025-04-12T07:18:50","guid":{"rendered":"https:\/\/mayosis.themepreview.xyz\/woo\/mayovendor\/?post_type=product&#038;p=56"},"modified":"2025-12-15T14:25:40","modified_gmt":"2025-12-15T14:25:40","slug":"shape-of-music-poster","status":"publish","type":"product","link":"https:\/\/mydevy.com\/index.php\/product\/shape-of-music-poster\/","title":{"rendered":"Neuticl &#8211; Font Family"},"content":{"rendered":"<p data-start=\"200\" data-end=\"529\"><strong data-start=\"200\" data-end=\"211\">Neuticl<\/strong> est une <strong data-start=\"220\" data-end=\"280\">famille de typographies moderne, \u00e9l\u00e9gante et polyvalente<\/strong>, con\u00e7ue pour r\u00e9pondre aux besoins du design contemporain. Inspir\u00e9e par le minimalisme et la clart\u00e9, Neuticl combine des formes \u00e9quilibr\u00e9es, une excellente lisibilit\u00e9 et une esth\u00e9tique professionnelle, id\u00e9ale pour les projets num\u00e9riques et imprim\u00e9s.<\/p>\n<p data-start=\"531\" data-end=\"742\">Gr\u00e2ce \u00e0 sa structure neutre et raffin\u00e9e, <strong data-start=\"572\" data-end=\"583\">Neuticl<\/strong> s\u2019adapte parfaitement \u00e0 une large vari\u00e9t\u00e9 d\u2019usages : branding, UI\/UX design, sites web, applications, affiches, \u00e9ditorial, pr\u00e9sentations et identit\u00e9 visuelle.<\/p>\n<p data-start=\"531\" data-end=\"742\"><img fetchpriority=\"high\" decoding=\"async\" class=\"alignnone wp-image-4006\" src=\"http:\/\/mydevy.com\/wp-content\/uploads\/2023\/04\/preview-8_1731111305548-300x227.jpg\" alt=\"\" width=\"949\" height=\"718\" srcset=\"https:\/\/mydevy.com\/wp-content\/uploads\/2023\/04\/preview-8_1731111305548-300x227.jpg 300w, https:\/\/mydevy.com\/wp-content\/uploads\/2023\/04\/preview-8_1731111305548-600x453.jpg 600w, https:\/\/mydevy.com\/wp-content\/uploads\/2023\/04\/preview-8_1731111305548-1024x774.jpg 1024w, https:\/\/mydevy.com\/wp-content\/uploads\/2023\/04\/preview-8_1731111305548-768x580.jpg 768w, https:\/\/mydevy.com\/wp-content\/uploads\/2023\/04\/preview-8_1731111305548-1536x1161.jpg 1536w, https:\/\/mydevy.com\/wp-content\/uploads\/2023\/04\/preview-8_1731111305548.jpg 1800w\" sizes=\"(max-width: 949px) 100vw, 949px\" \/><\/p>\n<h3 data-start=\"744\" data-end=\"780\">\u2728 Caract\u00e9ristiques principales :<\/h3>\n<ul data-start=\"781\" data-end=\"1140\">\n<li data-start=\"781\" data-end=\"855\">\n<p data-start=\"783\" data-end=\"855\">Famille compl\u00e8te avec plusieurs graisses (Light \u00e0 Bold, selon version)<\/p>\n<\/li>\n<li data-start=\"856\" data-end=\"896\">\n<p data-start=\"858\" data-end=\"896\">Design moderne, propre et intemporel<\/p>\n<\/li>\n<li data-start=\"897\" data-end=\"949\">\n<p data-start=\"899\" data-end=\"949\">Excellente lisibilit\u00e9 sur \u00e9cran et en impression<\/p>\n<\/li>\n<li data-start=\"950\" data-end=\"1008\">\n<p data-start=\"952\" data-end=\"1008\">Parfaite pour le branding, le web et les interfaces UI<\/p>\n<\/li>\n<li data-start=\"1009\" data-end=\"1085\">\n<p data-start=\"1011\" data-end=\"1085\">Jeu de caract\u00e8res \u00e9tendu (majuscules, minuscules, chiffres, ponctuation)<\/p>\n<\/li>\n<li data-start=\"1086\" data-end=\"1140\">\n<p data-start=\"1088\" data-end=\"1140\">Compatible avec les principaux logiciels de design<\/p>\n<\/li>\n<\/ul>\n<p data-start=\"1142\" data-end=\"1341\"><strong data-start=\"1142\" data-end=\"1167\">Neuticl \u2013 Font Family<\/strong> est le choix id\u00e9al pour les designers recherchant une typographie fiable, \u00e9l\u00e9gante et fonctionnelle, capable de renforcer l\u2019impact visuel et la coh\u00e9rence de leurs cr\u00e9ations.<\/p>\n","protected":false},"excerpt":{"rendered":"<p>Neuticl est une famille de typographies moderne, \u00e9l\u00e9gante et polyvalente, con\u00e7ue pour r\u00e9pondre aux besoins du design contemporain. Inspir\u00e9e par le minimalisme et la clart\u00e9, Neuticl combine des formes \u00e9quilibr\u00e9es, une excellente lisibilit\u00e9 et une esth\u00e9tique professionnelle, id\u00e9ale pour les projets num\u00e9riques et imprim\u00e9s. Gr\u00e2ce \u00e0 sa structure neutre et raffin\u00e9e, Neuticl s\u2019adapte parfaitement \u00e0 [&hellip;]<\/p>\n","protected":false},"featured_media":4004,"comment_status":"open","ping_status":"closed","template":"","format":"standard","meta":{"_acf_changed":false},"product_brand":[],"product_cat":[51],"product_tag":[],"class_list":{"0":"post-56","1":"product","2":"type-product","3":"status-publish","4":"format-standard","5":"has-post-thumbnail","7":"product_cat-fonts","9":"first","10":"instock","11":"shipping-taxable","12":"purchasable","13":"product-type-simple"},"acf":[],"_links":{"self":[{"href":"https:\/\/mydevy.com\/index.php\/wp-json\/wp\/v2\/product\/56","targetHints":{"allow":["GET"]}}],"collection":[{"href":"https:\/\/mydevy.com\/index.php\/wp-json\/wp\/v2\/product"}],"about":[{"href":"https:\/\/mydevy.com\/index.php\/wp-json\/wp\/v2\/types\/product"}],"replies":[{"embeddable":true,"href":"https:\/\/mydevy.com\/index.php\/wp-json\/wp\/v2\/comments?post=56"}],"wp:featuredmedia":[{"embeddable":true,"href":"https:\/\/mydevy.com\/index.php\/wp-json\/wp\/v2\/media\/4004"}],"wp:attachment":[{"href":"https:\/\/mydevy.com\/index.php\/wp-json\/wp\/v2\/media?parent=56"}],"wp:term":[{"taxonomy":"product_brand","embeddable":true,"href":"https:\/\/mydevy.com\/index.php\/wp-json\/wp\/v2\/product_brand?post=56"},{"taxonomy":"product_cat","embeddable":true,"href":"https:\/\/mydevy.com\/index.php\/wp-json\/wp\/v2\/product_cat?post=56"},{"taxonomy":"product_tag","embeddable":true,"href":"https:\/\/mydevy.com\/index.php\/wp-json\/wp\/v2\/product_tag?post=56"}],"curies":[{"name":"wp","href":"https:\/\/api.w.org\/{rel}","templated":true}]}}