{"id":3928,"date":"2025-07-29T05:10:38","date_gmt":"2025-07-29T05:10:38","guid":{"rendered":"https:\/\/mayosis.themepreview.xyz\/woo\/maindemo\/?post_type=product&#038;p=3525"},"modified":"2025-12-12T12:17:11","modified_gmt":"2025-12-12T12:17:11","slug":"application-mobile-du-magasin-de-chaussures","status":"publish","type":"product","link":"https:\/\/mydevy.com\/index.php\/product\/application-mobile-du-magasin-de-chaussures\/","title":{"rendered":"Application mobile du magasin de chaussures"},"content":{"rendered":"<p>Cette <strong data-start=\"142\" data-end=\"189\">application mobile de magasin de chaussures<\/strong> permet aux clients de parcourir facilement le catalogue, d\u00e9couvrir les nouvelles collections et acheter en ligne en toute simplicit\u00e9. Elle offre une exp\u00e9rience fluide avec recherche avanc\u00e9e, filtres par tailles, couleurs et marques, gestion du panier, paiement s\u00e9curis\u00e9 et suivi des commandes. Con\u00e7ue pour am\u00e9liorer la relation client, l\u2019application int\u00e8gre \u00e9galement des notifications, promotions et un espace compte personnalis\u00e9.<\/p>\n<p><img fetchpriority=\"high\" decoding=\"async\" class=\"alignnone  wp-image-3968\" src=\"http:\/\/mydevy.com\/wp-content\/uploads\/2023\/04\/preview-3_1764737023443-300x227.jpg\" alt=\"\" width=\"838\" height=\"634\" srcset=\"https:\/\/mydevy.com\/wp-content\/uploads\/2023\/04\/preview-3_1764737023443-300x227.jpg 300w, https:\/\/mydevy.com\/wp-content\/uploads\/2023\/04\/preview-3_1764737023443-600x453.jpg 600w, https:\/\/mydevy.com\/wp-content\/uploads\/2023\/04\/preview-3_1764737023443-1024x774.jpg 1024w, https:\/\/mydevy.com\/wp-content\/uploads\/2023\/04\/preview-3_1764737023443-768x580.jpg 768w, https:\/\/mydevy.com\/wp-content\/uploads\/2023\/04\/preview-3_1764737023443-1536x1161.jpg 1536w, https:\/\/mydevy.com\/wp-content\/uploads\/2023\/04\/preview-3_1764737023443.jpg 1800w\" sizes=\"(max-width: 838px) 100vw, 838px\" \/><\/p>\n<h2 data-start=\"856\" data-end=\"889\">Fonctionnalit\u00e9s principales<\/h2>\n<ul data-start=\"890\" data-end=\"1210\">\n<li data-start=\"890\" data-end=\"925\">\n<p data-start=\"892\" data-end=\"925\">Catalogue de chaussures dynamique<\/p>\n<\/li>\n<li data-start=\"926\" data-end=\"971\">\n<p data-start=\"928\" data-end=\"971\">Filtres par taille, couleur, marque et prix<\/p>\n<\/li>\n<li data-start=\"972\" data-end=\"1002\">\n<p data-start=\"974\" data-end=\"1002\">D\u00e9tails produits avec images<\/p>\n<\/li>\n<li data-start=\"1003\" data-end=\"1032\">\n<p data-start=\"1005\" data-end=\"1032\">Panier et commande en ligne<\/p>\n<\/li>\n<li data-start=\"1033\" data-end=\"1052\">\n<p data-start=\"1035\" data-end=\"1052\">Paiement s\u00e9curis\u00e9<\/p>\n<\/li>\n<li data-start=\"1053\" data-end=\"1075\">\n<p data-start=\"1055\" data-end=\"1075\">Comptes utilisateurs<\/p>\n<\/li>\n<li data-start=\"1076\" data-end=\"1097\">\n<p data-start=\"1078\" data-end=\"1097\">Suivi des commandes<\/p>\n<\/li>\n<li data-start=\"1098\" data-end=\"1143\">\n<p data-start=\"1100\" data-end=\"1143\">Notifications push (promotions, nouveaut\u00e9s)<\/p>\n<\/li>\n<li data-start=\"1144\" data-end=\"1177\">\n<p data-start=\"1146\" data-end=\"1177\">Interface moderne et responsive<\/p>\n<\/li>\n<li data-start=\"1178\" data-end=\"1210\">\n<p data-start=\"1180\" data-end=\"1210\">Gestion des stocks (optionnel)<\/p>\n<\/li>\n<\/ul>\n","protected":false},"excerpt":{"rendered":"<p>Cette application mobile de magasin de chaussures permet aux clients de parcourir facilement le catalogue, d\u00e9couvrir les nouvelles collections et acheter en ligne en toute simplicit\u00e9. Elle offre une exp\u00e9rience fluide avec recherche avanc\u00e9e, filtres par tailles, couleurs et marques, gestion du panier, paiement s\u00e9curis\u00e9 et suivi des commandes. Con\u00e7ue pour am\u00e9liorer la relation client, [&hellip;]<\/p>\n","protected":false},"featured_media":3966,"comment_status":"closed","ping_status":"closed","template":"","format":"standard","meta":{"_acf_changed":false},"product_brand":[],"product_cat":[65],"product_tag":[],"class_list":{"0":"post-3928","1":"product","2":"type-product","3":"status-publish","4":"format-standard","5":"has-post-thumbnail","7":"product_cat-apps-templates","9":"first","10":"instock","11":"shipping-taxable","12":"purchasable","13":"product-type-simple"},"acf":[],"_links":{"self":[{"href":"https:\/\/mydevy.com\/index.php\/wp-json\/wp\/v2\/product\/3928","targetHints":{"allow":["GET"]}}],"collection":[{"href":"https:\/\/mydevy.com\/index.php\/wp-json\/wp\/v2\/product"}],"about":[{"href":"https:\/\/mydevy.com\/index.php\/wp-json\/wp\/v2\/types\/product"}],"replies":[{"embeddable":true,"href":"https:\/\/mydevy.com\/index.php\/wp-json\/wp\/v2\/comments?post=3928"}],"wp:featuredmedia":[{"embeddable":true,"href":"https:\/\/mydevy.com\/index.php\/wp-json\/wp\/v2\/media\/3966"}],"wp:attachment":[{"href":"https:\/\/mydevy.com\/index.php\/wp-json\/wp\/v2\/media?parent=3928"}],"wp:term":[{"taxonomy":"product_brand","embeddable":true,"href":"https:\/\/mydevy.com\/index.php\/wp-json\/wp\/v2\/product_brand?post=3928"},{"taxonomy":"product_cat","embeddable":true,"href":"https:\/\/mydevy.com\/index.php\/wp-json\/wp\/v2\/product_cat?post=3928"},{"taxonomy":"product_tag","embeddable":true,"href":"https:\/\/mydevy.com\/index.php\/wp-json\/wp\/v2\/product_tag?post=3928"}],"curies":[{"name":"wp","href":"https:\/\/api.w.org\/{rel}","templated":true}]}}