{"id":3926,"date":"2025-04-12T07:25:05","date_gmt":"2025-04-12T07:25:05","guid":{"rendered":"https:\/\/mayosis.themepreview.xyz\/woo\/mayovendor\/?post_type=product&#038;p=62"},"modified":"2025-12-15T13:48:04","modified_gmt":"2025-12-15T13:48:04","slug":"bay-breeze-fortythr33-2","status":"publish","type":"product","link":"https:\/\/mydevy.com\/index.php\/product\/bay-breeze-fortythr33-2\/","title":{"rendered":"Services de photographe Site Web"},"content":{"rendered":"<p data-start=\"243\" data-end=\"582\">Le site web <strong data-start=\"255\" data-end=\"282\">Services de Photographe<\/strong> est une plateforme \u00e9l\u00e9gante et immersive con\u00e7ue pour mettre en valeur le talent, le style et le portfolio d\u2019un photographe professionnel. Son design visuel et \u00e9pur\u00e9 place l\u2019image au c\u0153ur de l\u2019exp\u00e9rience, permettant aux visiteurs de d\u00e9couvrir des r\u00e9alisations de haute qualit\u00e9 d\u00e8s la premi\u00e8re visite.<\/p>\n<p data-start=\"584\" data-end=\"854\">Le site offre une navigation fluide et intuitive, facilitant l\u2019exploration des galeries photos, la pr\u00e9sentation des services propos\u00e9s et la prise de contact. Enti\u00e8rement responsive, il garantit un affichage optimal sur tous les supports : ordinateur, tablette et mobile.<\/p>\n<p data-start=\"584\" data-end=\"854\"><img fetchpriority=\"high\" decoding=\"async\" class=\"alignnone  wp-image-3992\" src=\"http:\/\/mydevy.com\/wp-content\/uploads\/2023\/04\/detail-12_1764003019568-300x227.png\" alt=\"\" width=\"938\" height=\"710\" srcset=\"https:\/\/mydevy.com\/wp-content\/uploads\/2023\/04\/detail-12_1764003019568-300x227.png 300w, https:\/\/mydevy.com\/wp-content\/uploads\/2023\/04\/detail-12_1764003019568-600x453.png 600w, https:\/\/mydevy.com\/wp-content\/uploads\/2023\/04\/detail-12_1764003019568-1024x774.png 1024w, https:\/\/mydevy.com\/wp-content\/uploads\/2023\/04\/detail-12_1764003019568-768x580.png 768w, https:\/\/mydevy.com\/wp-content\/uploads\/2023\/04\/detail-12_1764003019568-1536x1161.png 1536w, https:\/\/mydevy.com\/wp-content\/uploads\/2023\/04\/detail-12_1764003019568.png 1800w\" sizes=\"(max-width: 938px) 100vw, 938px\" \/><\/p>\n<h3 data-start=\"856\" data-end=\"891\">\u2728 Fonctionnalit\u00e9s principales :<\/h3>\n<ul data-start=\"892\" data-end=\"1349\">\n<li data-start=\"892\" data-end=\"956\">\n<p data-start=\"894\" data-end=\"956\">Galerie photo professionnelle avec mise en valeur des images<\/p>\n<\/li>\n<li data-start=\"957\" data-end=\"1053\">\n<p data-start=\"959\" data-end=\"1053\">Pr\u00e9sentation d\u00e9taill\u00e9e des services (mariage, portrait, \u00e9v\u00e9nementiel, corporate, mode, etc.)<\/p>\n<\/li>\n<li data-start=\"1054\" data-end=\"1127\">\n<p data-start=\"1056\" data-end=\"1127\">Page \u201c\u00c0 propos\u201d pour raconter l\u2019histoire et l\u2019approche du photographe<\/p>\n<\/li>\n<li data-start=\"1128\" data-end=\"1180\">\n<p data-start=\"1130\" data-end=\"1180\">Formulaire de contact et demande de devis rapide<\/p>\n<\/li>\n<li data-start=\"1181\" data-end=\"1239\">\n<p data-start=\"1183\" data-end=\"1239\">Int\u00e9gration des r\u00e9seaux sociaux et t\u00e9moignages clients<\/p>\n<\/li>\n<li data-start=\"1240\" data-end=\"1290\">\n<p data-start=\"1242\" data-end=\"1290\">Design moderne, minimaliste et personnalisable<\/p>\n<\/li>\n<li data-start=\"1291\" data-end=\"1349\">\n<p data-start=\"1293\" data-end=\"1349\">Optimisation SEO pour am\u00e9liorer la visibilit\u00e9 en ligne<\/p>\n<\/li>\n<\/ul>\n<p data-start=\"1351\" data-end=\"1534\">Ce site web est id\u00e9al pour d\u00e9velopper une pr\u00e9sence en ligne forte, attirer de nouveaux clients et valoriser le travail artistique du photographe avec professionnalisme et cr\u00e9dibilit\u00e9.<\/p>\n","protected":false},"excerpt":{"rendered":"<p>Le site web Services de Photographe est une plateforme \u00e9l\u00e9gante et immersive con\u00e7ue pour mettre en valeur le talent, le style et le portfolio d\u2019un photographe professionnel. Son design visuel et \u00e9pur\u00e9 place l\u2019image au c\u0153ur de l\u2019exp\u00e9rience, permettant aux visiteurs de d\u00e9couvrir des r\u00e9alisations de haute qualit\u00e9 d\u00e8s la premi\u00e8re visite. Le site offre [&hellip;]<\/p>\n","protected":false},"featured_media":3990,"comment_status":"open","ping_status":"closed","template":"","format":"standard","meta":{"_acf_changed":false},"product_brand":[],"product_cat":[54],"product_tag":[],"class_list":{"0":"post-3926","1":"product","2":"type-product","3":"status-publish","4":"format-standard","5":"has-post-thumbnail","7":"product_cat-site-web","9":"first","10":"instock","11":"shipping-taxable","12":"purchasable","13":"product-type-simple"},"acf":[],"_links":{"self":[{"href":"https:\/\/mydevy.com\/index.php\/wp-json\/wp\/v2\/product\/3926","targetHints":{"allow":["GET"]}}],"collection":[{"href":"https:\/\/mydevy.com\/index.php\/wp-json\/wp\/v2\/product"}],"about":[{"href":"https:\/\/mydevy.com\/index.php\/wp-json\/wp\/v2\/types\/product"}],"replies":[{"embeddable":true,"href":"https:\/\/mydevy.com\/index.php\/wp-json\/wp\/v2\/comments?post=3926"}],"wp:featuredmedia":[{"embeddable":true,"href":"https:\/\/mydevy.com\/index.php\/wp-json\/wp\/v2\/media\/3990"}],"wp:attachment":[{"href":"https:\/\/mydevy.com\/index.php\/wp-json\/wp\/v2\/media?parent=3926"}],"wp:term":[{"taxonomy":"product_brand","embeddable":true,"href":"https:\/\/mydevy.com\/index.php\/wp-json\/wp\/v2\/product_brand?post=3926"},{"taxonomy":"product_cat","embeddable":true,"href":"https:\/\/mydevy.com\/index.php\/wp-json\/wp\/v2\/product_cat?post=3926"},{"taxonomy":"product_tag","embeddable":true,"href":"https:\/\/mydevy.com\/index.php\/wp-json\/wp\/v2\/product_tag?post=3926"}],"curies":[{"name":"wp","href":"https:\/\/api.w.org\/{rel}","templated":true}]}}