{"id":3923,"date":"2025-04-12T07:18:50","date_gmt":"2025-04-12T07:18:50","guid":{"rendered":"https:\/\/mayosis.themepreview.xyz\/woo\/mayovendor\/?post_type=product&#038;p=56"},"modified":"2025-12-15T14:35:35","modified_gmt":"2025-12-15T14:35:35","slug":"shape-of-music-poster-2","status":"publish","type":"product","link":"https:\/\/mydevy.com\/index.php\/product\/shape-of-music-poster-2\/","title":{"rendered":"Lokaniv \u2013 Font Family"},"content":{"rendered":"<p data-start=\"186\" data-end=\"533\"><strong data-start=\"186\" data-end=\"197\">Lokaniv<\/strong> est une <strong data-start=\"206\" data-end=\"261\">famille de typographies contemporaine et expressive<\/strong>, con\u00e7ue pour apporter du caract\u00e8re et de l\u2019originalit\u00e9 aux projets graphiques modernes. Son design \u00e9quilibr\u00e9 associe \u00e9l\u00e9gance, lisibilit\u00e9 et personnalit\u00e9, ce qui en fait un excellent choix pour le branding, les titres, les supports marketing et les interfaces num\u00e9riques.<\/p>\n<p data-start=\"535\" data-end=\"771\">Avec ses formes distinctives et harmonieuses, <strong data-start=\"581\" data-end=\"592\">Lokaniv<\/strong> permet de cr\u00e9er des identit\u00e9s visuelles fortes tout en restant professionnelle et polyvalente. Elle s\u2019adapte aussi bien aux projets cr\u00e9atifs qu\u2019aux usages \u00e9ditoriaux et digitaux.<\/p>\n<p data-start=\"535\" data-end=\"771\"><img fetchpriority=\"high\" decoding=\"async\" class=\"alignnone size-medium wp-image-4009\" src=\"http:\/\/mydevy.com\/wp-content\/uploads\/2023\/04\/preview-ui8-08_1697208928061-300x227.jpg\" alt=\"\" width=\"300\" height=\"227\" srcset=\"https:\/\/mydevy.com\/wp-content\/uploads\/2023\/04\/preview-ui8-08_1697208928061-300x227.jpg 300w, https:\/\/mydevy.com\/wp-content\/uploads\/2023\/04\/preview-ui8-08_1697208928061-600x453.jpg 600w, https:\/\/mydevy.com\/wp-content\/uploads\/2023\/04\/preview-ui8-08_1697208928061-1024x774.jpg 1024w, https:\/\/mydevy.com\/wp-content\/uploads\/2023\/04\/preview-ui8-08_1697208928061-768x580.jpg 768w, https:\/\/mydevy.com\/wp-content\/uploads\/2023\/04\/preview-ui8-08_1697208928061-1536x1161.jpg 1536w, https:\/\/mydevy.com\/wp-content\/uploads\/2023\/04\/preview-ui8-08_1697208928061.jpg 1800w\" sizes=\"(max-width: 300px) 100vw, 300px\" \/><\/p>\n<h3 data-start=\"773\" data-end=\"809\">\u2728 Caract\u00e9ristiques principales :<\/h3>\n<ul data-start=\"810\" data-end=\"1167\">\n<li data-start=\"810\" data-end=\"866\">\n<p data-start=\"812\" data-end=\"866\">Famille de polices avec plusieurs graisses et styles<\/p>\n<\/li>\n<li data-start=\"867\" data-end=\"926\">\n<p data-start=\"869\" data-end=\"926\">Design moderne avec une touche unique et reconnaissable<\/p>\n<\/li>\n<li data-start=\"927\" data-end=\"976\">\n<p data-start=\"929\" data-end=\"976\">Bonne lisibilit\u00e9 pour titres et textes courts<\/p>\n<\/li>\n<li data-start=\"977\" data-end=\"1042\">\n<p data-start=\"979\" data-end=\"1042\">Id\u00e9ale pour branding, logos, affiches, web et r\u00e9seaux sociaux<\/p>\n<\/li>\n<li data-start=\"1043\" data-end=\"1105\">\n<p data-start=\"1045\" data-end=\"1105\">Jeu de caract\u00e8res complet (lettres, chiffres, ponctuation)<\/p>\n<\/li>\n<li data-start=\"1106\" data-end=\"1167\">\n<p data-start=\"1108\" data-end=\"1167\">Compatible avec les logiciels de design et de publication<\/p>\n<\/li>\n<\/ul>\n<p data-start=\"1169\" data-end=\"1358\"><strong data-start=\"1169\" data-end=\"1194\">Lokaniv \u2013 Font Family<\/strong> est parfaite pour les designers souhaitant une typographie moderne, distinctive et \u00e9l\u00e9gante, capable de renforcer l\u2019identit\u00e9 et l\u2019impact visuel de leurs cr\u00e9ations.<\/p>\n","protected":false},"excerpt":{"rendered":"<p>Lokaniv est une famille de typographies contemporaine et expressive, con\u00e7ue pour apporter du caract\u00e8re et de l\u2019originalit\u00e9 aux projets graphiques modernes. Son design \u00e9quilibr\u00e9 associe \u00e9l\u00e9gance, lisibilit\u00e9 et personnalit\u00e9, ce qui en fait un excellent choix pour le branding, les titres, les supports marketing et les interfaces num\u00e9riques. Avec ses formes distinctives et harmonieuses, Lokaniv [&hellip;]<\/p>\n","protected":false},"featured_media":4007,"comment_status":"open","ping_status":"closed","template":"","format":"standard","meta":{"_acf_changed":false},"product_brand":[],"product_cat":[51],"product_tag":[],"class_list":{"0":"post-3923","1":"product","2":"type-product","3":"status-publish","4":"format-standard","5":"has-post-thumbnail","7":"product_cat-fonts","9":"first","10":"instock","11":"shipping-taxable","12":"purchasable","13":"product-type-simple"},"acf":[],"_links":{"self":[{"href":"https:\/\/mydevy.com\/index.php\/wp-json\/wp\/v2\/product\/3923","targetHints":{"allow":["GET"]}}],"collection":[{"href":"https:\/\/mydevy.com\/index.php\/wp-json\/wp\/v2\/product"}],"about":[{"href":"https:\/\/mydevy.com\/index.php\/wp-json\/wp\/v2\/types\/product"}],"replies":[{"embeddable":true,"href":"https:\/\/mydevy.com\/index.php\/wp-json\/wp\/v2\/comments?post=3923"}],"wp:featuredmedia":[{"embeddable":true,"href":"https:\/\/mydevy.com\/index.php\/wp-json\/wp\/v2\/media\/4007"}],"wp:attachment":[{"href":"https:\/\/mydevy.com\/index.php\/wp-json\/wp\/v2\/media?parent=3923"}],"wp:term":[{"taxonomy":"product_brand","embeddable":true,"href":"https:\/\/mydevy.com\/index.php\/wp-json\/wp\/v2\/product_brand?post=3923"},{"taxonomy":"product_cat","embeddable":true,"href":"https:\/\/mydevy.com\/index.php\/wp-json\/wp\/v2\/product_cat?post=3923"},{"taxonomy":"product_tag","embeddable":true,"href":"https:\/\/mydevy.com\/index.php\/wp-json\/wp\/v2\/product_tag?post=3923"}],"curies":[{"name":"wp","href":"https:\/\/api.w.org\/{rel}","templated":true}]}}