{"id":3524,"date":"2025-04-29T05:09:58","date_gmt":"2025-04-29T05:09:58","guid":{"rendered":"https:\/\/mayosis.themepreview.xyz\/woo\/maindemo\/?post_type=product&#038;p=3524"},"modified":"2025-12-13T14:59:36","modified_gmt":"2025-12-13T14:59:36","slug":"miami-beach-aerial-stock-footage","status":"publish","type":"product","link":"https:\/\/mydevy.com\/index.php\/product\/miami-beach-aerial-stock-footage\/","title":{"rendered":"E-commerce site web"},"content":{"rendered":"<p>Ce site web e-commerce a \u00e9t\u00e9 con\u00e7u pour offrir une exp\u00e9rience d\u2019achat en ligne fluide, moderne et intuitive. Chaque page est pens\u00e9e pour faciliter la navigation, mettre en valeur les produits et guider l\u2019utilisateur tout au long du parcours d\u2019achat, de la d\u00e9couverte des articles jusqu\u2019au paiement. Le design met l\u2019accent sur la clart\u00e9, la performance et la conversion, afin de r\u00e9pondre aux besoins des utilisateurs comme des commer\u00e7ants.<\/p>\n<p><img fetchpriority=\"high\" decoding=\"async\" class=\"alignnone  wp-image-3984\" src=\"http:\/\/mydevy.com\/wp-content\/uploads\/2023\/04\/preview-12-aluna_1765420522589-300x227.webp\" alt=\"\" width=\"919\" height=\"695\" srcset=\"https:\/\/mydevy.com\/wp-content\/uploads\/2023\/04\/preview-12-aluna_1765420522589-300x227.webp 300w, https:\/\/mydevy.com\/wp-content\/uploads\/2023\/04\/preview-12-aluna_1765420522589-600x453.webp 600w, https:\/\/mydevy.com\/wp-content\/uploads\/2023\/04\/preview-12-aluna_1765420522589-1024x774.webp 1024w, https:\/\/mydevy.com\/wp-content\/uploads\/2023\/04\/preview-12-aluna_1765420522589-768x580.webp 768w, https:\/\/mydevy.com\/wp-content\/uploads\/2023\/04\/preview-12-aluna_1765420522589-1536x1161.webp 1536w, https:\/\/mydevy.com\/wp-content\/uploads\/2023\/04\/preview-12-aluna_1765420522589.webp 1800w\" sizes=\"(max-width: 919px) 100vw, 919px\" \/><\/p>\n","protected":false},"excerpt":{"rendered":"<p>Ce site web e-commerce a \u00e9t\u00e9 con\u00e7u pour offrir une exp\u00e9rience d\u2019achat en ligne fluide, moderne et intuitive. Chaque page est pens\u00e9e pour faciliter la navigation, mettre en valeur les produits et guider l\u2019utilisateur tout au long du parcours d\u2019achat, de la d\u00e9couverte des articles jusqu\u2019au paiement. Le design met l\u2019accent sur la clart\u00e9, la [&hellip;]<\/p>\n","protected":false},"featured_media":3982,"comment_status":"open","ping_status":"closed","template":"","format":"standard","meta":{"_acf_changed":false},"product_brand":[],"product_cat":[54],"product_tag":[],"class_list":{"0":"post-3524","1":"product","2":"type-product","3":"status-publish","4":"format-standard","5":"has-post-thumbnail","7":"product_cat-site-web","9":"first","10":"instock","11":"shipping-taxable","12":"purchasable","13":"product-type-simple"},"acf":[],"_links":{"self":[{"href":"https:\/\/mydevy.com\/index.php\/wp-json\/wp\/v2\/product\/3524","targetHints":{"allow":["GET"]}}],"collection":[{"href":"https:\/\/mydevy.com\/index.php\/wp-json\/wp\/v2\/product"}],"about":[{"href":"https:\/\/mydevy.com\/index.php\/wp-json\/wp\/v2\/types\/product"}],"replies":[{"embeddable":true,"href":"https:\/\/mydevy.com\/index.php\/wp-json\/wp\/v2\/comments?post=3524"}],"wp:featuredmedia":[{"embeddable":true,"href":"https:\/\/mydevy.com\/index.php\/wp-json\/wp\/v2\/media\/3982"}],"wp:attachment":[{"href":"https:\/\/mydevy.com\/index.php\/wp-json\/wp\/v2\/media?parent=3524"}],"wp:term":[{"taxonomy":"product_brand","embeddable":true,"href":"https:\/\/mydevy.com\/index.php\/wp-json\/wp\/v2\/product_brand?post=3524"},{"taxonomy":"product_cat","embeddable":true,"href":"https:\/\/mydevy.com\/index.php\/wp-json\/wp\/v2\/product_cat?post=3524"},{"taxonomy":"product_tag","embeddable":true,"href":"https:\/\/mydevy.com\/index.php\/wp-json\/wp\/v2\/product_tag?post=3524"}],"curies":[{"name":"wp","href":"https:\/\/api.w.org\/{rel}","templated":true}]}}